{"id":968,"date":"2012-09-14T08:53:06","date_gmt":"2012-09-14T08:53:06","guid":{"rendered":"http:\/\/www.beerpong.at\/?page_id=968"},"modified":"2013-05-30T09:31:11","modified_gmt":"2013-05-30T09:31:11","slug":"jokerregel","status":"publish","type":"page","link":"https:\/\/www.beerpong.at\/?page_id=968","title":{"rendered":"Jokerregel"},"content":{"rendered":"<p>Ein Team besteht aus zwei Gr\u00fcndern. Jedes Team kann pro Turnierserie einen einmaligen Spielerjoker aufstellen. Das bedeutet, dass pro Turnierserie und Wertungsjahr, einmal einer der beiden Gr\u00fcnder mit einem beliebigen anderen Spieler bei einem Turnier antreten d\u00fcrfen.<br \/>\nSind beide Gr\u00fcndungsmitglieder bei einem Turnier anwesend kann die Jokerregel nicht angwendet werden.<br \/>\nJokerspieler m\u00fcssen dem Organisationsteam vor Turnierbeginn gemeldet werden (vor allem beim Einsatz eines Jokers im 1. Turnier einer Serie).<br \/>\nBei seit l\u00e4ngerem aktiven Teams entscheidet der Vorstand \u00fcber die Bestellung der Teamgr\u00fcnder.<\/p>\n","protected":false},"excerpt":{"rendered":"<p>Ein Team besteht aus zwei Gr\u00fcndern. Jedes Team kann pro Turnierserie einen einmaligen Spielerjoker aufstellen. Das bedeutet, dass pro Turnierserie und Wertungsjahr, einmal einer der beiden Gr\u00fcnder mit einem beliebigen anderen Spieler bei einem Turnier antreten d\u00fcrfen. Sind beide Gr\u00fcndungsmitglieder bei einem Turnier anwesend kann die Jokerregel nicht angwendet werden. Jokerspieler m\u00fcssen dem Organisationsteam vor &hellip; <a href=\"https:\/\/www.beerpong.at\/?page_id=968\" class=\"more-link\"><span class=\"screen-reader-text\">&#8222;Jokerregel&#8220; <\/span>weiterlesen<\/a><\/p>\n","protected":false},"author":1,"featured_media":0,"parent":348,"menu_order":4,"comment_status":"closed","ping_status":"closed","template":"","meta":{"ngg_post_thumbnail":0,"spay_email":""},"jetpack_sharing_enabled":true,"jetpack_shortlink":"https:\/\/wp.me\/P1hsGh-fC","_links":{"self":[{"href":"https:\/\/www.beerpong.at\/index.php?rest_route=\/wp\/v2\/pages\/968"}],"collection":[{"href":"https:\/\/www.beerpong.at\/index.php?rest_route=\/wp\/v2\/pages"}],"about":[{"href":"https:\/\/www.beerpong.at\/index.php?rest_route=\/wp\/v2\/types\/page"}],"author":[{"embeddable":true,"href":"https:\/\/www.beerpong.at\/index.php?rest_route=\/wp\/v2\/users\/1"}],"replies":[{"embeddable":true,"href":"https:\/\/www.beerpong.at\/index.php?rest_route=%2Fwp%2Fv2%2Fcomments&post=968"}],"version-history":[{"count":4,"href":"https:\/\/www.beerpong.at\/index.php?rest_route=\/wp\/v2\/pages\/968\/revisions"}],"predecessor-version":[{"id":1082,"href":"https:\/\/www.beerpong.at\/index.php?rest_route=\/wp\/v2\/pages\/968\/revisions\/1082"}],"up":[{"embeddable":true,"href":"https:\/\/www.beerpong.at\/index.php?rest_route=\/wp\/v2\/pages\/348"}],"wp:attachment":[{"href":"https:\/\/www.beerpong.at\/index.php?rest_route=%2Fwp%2Fv2%2Fmedia&parent=968"}],"curies":[{"name":"wp","href":"https:\/\/api.w.org\/{rel}","templated":true}]}}