{"id":859,"date":"2012-04-17T15:15:09","date_gmt":"2012-04-17T15:15:09","guid":{"rendered":"http:\/\/www.beerpong.at\/?page_id=859"},"modified":"2012-04-17T15:16:00","modified_gmt":"2012-04-17T15:16:00","slug":"overtime","status":"publish","type":"page","link":"http:\/\/www.beerpong.at\/?page_id=859","title":{"rendered":"Overtime"},"content":{"rendered":"<p>Ab der Saison 2012 gilt die Overtime Regel fl\u00e4chendeckend bei allen Turnieren des <span style=\"color: #66ccff;\"><strong><br \/>\n1st Austrian BEER PONG Teams<\/strong><\/span> auch in der Vorrunde.<\/p>\n<p><span style=\"color: #66ccff;\"><strong>Hier also nochmals alle Facts zum Nachlesen:<\/strong><\/span><\/p>\n<p>Sobald der letzte Becher getroffen wurde, hat das gegnerische Team die Chance, eine Overtime herauszuholen. Es gibt zwei verschiedene generelle Szenarien auszugleichen:<\/p>\n<p><span style=\"color: #66ccff;\"><strong>1.) Es sind noch 2 oder mehr Becher \u00fcbrig beim nachwerfenden Team<br \/>\n2.) Das nachwerfende Team hat nur noch 1 Becher \u00fcbrig<\/strong><\/span><\/p>\n<p><span style=\"color: #66ccff;\"><strong>ad. 1.) &#8211; 2 oder mehr Becher stehen noch<\/strong><\/span><br \/>\nFalls noch 2 oder mehr Becher \u00fcbrig sind, nachdem das erste Team den letzten Becher getroffen hat, erh\u00e4lt das nachwerfende Team einen \u201eLetzte Chance\u201c-Wurf, wobei egal ist, welches Teammitglied wirft. Ist dieser Wurf erfolgreich, erh\u00e4lt das Team eine weitere \u201eLetzte Chance\u201c und es wirft das andere Teammitglied. Dies so lange wie getroffen wird. Beim ersten Fehlversuch ist das Spiel zu Ende. Die Spieler des nachwerfenden Teams wechseln sich ab!<\/p>\n<p><span style=\"color: #66ccff;\"><strong>ad. 2.) &#8211; ein einziger Becher steht noch<\/strong><\/span><br \/>\nFalls nur noch ein einziger Becher \u00fcbrig ist, nachdem das 1. Team den letzten Becher getroffen hat, hat das nachwerfende Team noch gleich viele Versuche um auszugleichen, wie die Anzahl der Versuche, die das 1. Team ben\u00f6tigte. Szenarien:<br \/>\na. Das erste Team hat nur einen Becher stehen, verfehlt den ersten Wurf und trifft beim zweiten: Das nachwerfende Team erh\u00e4lt ebenfalls 2 Versuche um auszugleichen.<br \/>\nb. Das erste Team trifft den letzten Becher beim ersten Wurf: Das nachwerfende Team erh\u00e4lt nur einen Versuch um auszugleichen.<br \/>\nc. Der Gegner trifft die letzten 2, 3 oder mehr Becher hintereinander in einer Runde: Das nachwerfende Team erh\u00e4lt nur 1 Versuch um auszugleichen.<\/p>\n<p>Ein erfolgreicher Ausglich f\u00fchrt zur Verl\u00e4ngerung.<br \/>\nDabei werden nochmals 3 Becher aufgebaut (3er Re-Rack) die Wasser gef\u00fcllt sind. Das Team, welches die Overtime erzwungen hat, beginnt mit einem Wurf. Im weiteren Verlauf gelten die selben Regeln wie vor der Verl\u00e4ngerung. Auch am Ende der Overtime gilt wieder die Overtime Regel. Es sind also in einem Spiel mehrere Overtimes m\u00f6glich. Dem Schiedsgericht unterliegt es jedoch, jederzeit die Overtime Regel durch eine &#8222;Last Hit Wins&#8220; Regel zu ersetzen um das Spiel zu beenden.<\/p>\n<p><span style=\"color: #66ccff;\"><strong>Punkteverteilung:<\/strong><\/span><br \/>\nWie etwa im Eishockey (WM und Austrian League) werden im Falle einer Overtime die 3 Siegpunkte auf die beiden Teams ungleich verteilt. Der OT Sieger erh\u00e4lt 2, das in der OT unterlegene Team nur 1 Punkt. Anderst ausgedr\u00fcckt: Das Ergebnis in regul\u00e4rer Spielzeit wird als Unentschieden gewertet. Jedes Team erh\u00e4lt daf\u00fcr einen Punkt. Der Sieger der OT erh\u00e4lt einen Zusatzpunkt.<br \/>\nEin Sieg in der OT ist somit gleich viel wert wie ein Sieg durch F\u00fchrung bei Abbruch durch Zeitablauf.<br \/>\nDas Spiel geht mit einem Trefferverh\u00e4ltnis von 9:x (M\u00f6glich: 9:8, 9:7, 9:6) in die Wertung ein. Dies gilt auch im Falle mehrerer Overtime Runden!<\/p>\n","protected":false},"excerpt":{"rendered":"<p>Ab der Saison 2012 gilt die Overtime Regel fl\u00e4chendeckend bei allen Turnieren des 1st Austrian BEER PONG Teams auch in der Vorrunde. Hier also nochmals alle Facts zum Nachlesen: Sobald der letzte Becher getroffen wurde, hat das gegnerische Team die Chance, eine Overtime herauszuholen. Es gibt zwei verschiedene generelle Szenarien auszugleichen: 1.) Es sind noch &hellip; <a href=\"http:\/\/www.beerpong.at\/?page_id=859\" class=\"more-link\"><span class=\"screen-reader-text\">&#8222;Overtime&#8220; <\/span>weiterlesen<\/a><\/p>\n","protected":false},"author":1,"featured_media":0,"parent":348,"menu_order":2,"comment_status":"closed","ping_status":"closed","template":"","meta":{"ngg_post_thumbnail":0,"spay_email":""},"jetpack_sharing_enabled":true,"jetpack_shortlink":"https:\/\/wp.me\/P1hsGh-dR","_links":{"self":[{"href":"http:\/\/www.beerpong.at\/index.php?rest_route=\/wp\/v2\/pages\/859"}],"collection":[{"href":"http:\/\/www.beerpong.at\/index.php?rest_route=\/wp\/v2\/pages"}],"about":[{"href":"http:\/\/www.beerpong.at\/index.php?rest_route=\/wp\/v2\/types\/page"}],"author":[{"embeddable":true,"href":"http:\/\/www.beerpong.at\/index.php?rest_route=\/wp\/v2\/users\/1"}],"replies":[{"embeddable":true,"href":"http:\/\/www.beerpong.at\/index.php?rest_route=%2Fwp%2Fv2%2Fcomments&post=859"}],"version-history":[{"count":4,"href":"http:\/\/www.beerpong.at\/index.php?rest_route=\/wp\/v2\/pages\/859\/revisions"}],"predecessor-version":[{"id":873,"href":"http:\/\/www.beerpong.at\/index.php?rest_route=\/wp\/v2\/pages\/859\/revisions\/873"}],"up":[{"embeddable":true,"href":"http:\/\/www.beerpong.at\/index.php?rest_route=\/wp\/v2\/pages\/348"}],"wp:attachment":[{"href":"http:\/\/www.beerpong.at\/index.php?rest_route=%2Fwp%2Fv2%2Fmedia&parent=859"}],"curies":[{"name":"wp","href":"https:\/\/api.w.org\/{rel}","templated":true}]}}