{"id":857,"date":"2012-04-17T15:11:29","date_gmt":"2012-04-17T15:11:29","guid":{"rendered":"http:\/\/www.beerpong.at\/?page_id=857"},"modified":"2012-08-21T16:49:57","modified_gmt":"2012-08-21T16:49:57","slug":"wertung","status":"publish","type":"page","link":"http:\/\/www.beerpong.at\/?page_id=857","title":{"rendered":"Wertungsystem"},"content":{"rendered":"<p><strong><span style=\"color: #66ccff;\">des \u00d6sterreichischen BIERPONG Verbandes (\u00d6BPV)<\/span><\/strong><\/p>\n<p>Seit dem Wertungsjahr 2012 werden alle Turniere des \u00d6BPV und seiner Mitgliedsvereine &#8211; und somit auch alle bpong.at Turniere &#8211; nach einem einheitlichen Punktesystem bewertet. Einzelne Veranstaltungen werden durch einen Mulitiplikator gesondert bewertet, so werten beispielsweise alle bei Turnieren des <strong>Tyrolean BIERPOG Gran&#8217;Slam<\/strong> erzielten Punkte mit dem Faktor 1,2 multipliziert und auf ganze Z\u00e4hler gerundet.<\/p>\n<p><span style=\"color: #66ccff;\"><strong>Vorrunden Bewertung<\/strong><\/span><br \/>\n\u00c4hnlich dem System bei anderen Teamsportarten werden die Vorrundenspiele mit 0-3 Punkten bewertet:<\/p>\n<p><em>regul\u00e4rer Sieg:<\/em><br \/>\n3 Punkte; Becherverh\u00e4ltnis 6:x<\/p>\n<p><em>Sieg bei Abbruch (Zeitregel):<\/em><br \/>\n2 Punkte; Verh\u00e4ltnis = tats\u00e4chlich getroffene Becher (z.B. 5:4)<\/p>\n<p><em>Unentschieden bei Abbruch (Zeitregel):<\/em><br \/>\n1 Punkt; Verh\u00e4ltnis = tats\u00e4chlich getroffene Becher (z.B. 4:4)<\/p>\n<p><em>Sieg in Overtime:<\/em><br \/>\n2 Punkte; Verh\u00e4ltnis 9:x (m\u00f6glich: 9:8, 9:7, 9:6)<\/p>\n<p><em>Niederlage in Overtime:<\/em><br \/>\n1 Punkt; Verh\u00e4ltnis x:9<\/p>\n<p><em>Sieg durch Abwesenheit des Gegners:<\/em><br \/>\n3 Punkte; Verh\u00e4ltnis 6:3<\/p>\n<p>Bei Punkte-Gleichstand z\u00e4hlen:<\/p>\n<ol>\n<li>Becherverh\u00e4ltnis<\/li>\n<li>getroffene Becher<\/li>\n<li>direkte Begegnung<\/li>\n<\/ol>\n<p><span style=\"color: #66ccff;\"><strong>Play Off Bewertung<\/strong><\/span><br \/>\nIn der KO-Runde werden die Spiele mit aufsteigenden Werten belegt:<\/p>\n<table width=\"300\" border=\"0\" cellspacing=\"1\" cellpadding=\"1\" align=\"left\">\n<tbody>\n<tr>\n<td>Runde der besten 32:<\/td>\n<td>\u00a0 1 Punkt<\/td>\n<\/tr>\n<tr>\n<td>Achtelfinale:<\/td>\n<td>\u00a0 2 Punkte<\/td>\n<\/tr>\n<tr>\n<td>Viertelfinale:<\/td>\n<td>\u00a0 3 Punkte<\/td>\n<\/tr>\n<tr>\n<td>Halbfinale:<\/td>\n<td>\u00a0 6 Punkte<\/td>\n<\/tr>\n<tr>\n<td>Spiel um Platz 3:<\/td>\n<td>\u00a0 3 Punkte<\/td>\n<\/tr>\n<tr>\n<td>Finale:<\/td>\n<td>10 Punkte<\/td>\n<\/tr>\n<\/tbody>\n<\/table>\n<p>Ist eine Play Off Runde nicht komplett aufgef\u00fcllt (z.B. Achtelfinale mit nur 4 Spielen) gilt diese als Qualifikationsrunde und wird mit 1 Punkt bewertet.<\/p>\n","protected":false},"excerpt":{"rendered":"<p>des \u00d6sterreichischen BIERPONG Verbandes (\u00d6BPV) Seit dem Wertungsjahr 2012 werden alle Turniere des \u00d6BPV und seiner Mitgliedsvereine &#8211; und somit auch alle bpong.at Turniere &#8211; nach einem einheitlichen Punktesystem bewertet. Einzelne Veranstaltungen werden durch einen Mulitiplikator gesondert bewertet, so werten beispielsweise alle bei Turnieren des Tyrolean BIERPOG Gran&#8217;Slam erzielten Punkte mit dem Faktor 1,2 multipliziert &hellip; <a href=\"http:\/\/www.beerpong.at\/?page_id=857\" class=\"more-link\"><span class=\"screen-reader-text\">&#8222;Wertungsystem&#8220; <\/span>weiterlesen<\/a><\/p>\n","protected":false},"author":1,"featured_media":0,"parent":348,"menu_order":3,"comment_status":"closed","ping_status":"closed","template":"","meta":{"ngg_post_thumbnail":0,"spay_email":""},"jetpack_sharing_enabled":true,"jetpack_shortlink":"https:\/\/wp.me\/P1hsGh-dP","_links":{"self":[{"href":"http:\/\/www.beerpong.at\/index.php?rest_route=\/wp\/v2\/pages\/857"}],"collection":[{"href":"http:\/\/www.beerpong.at\/index.php?rest_route=\/wp\/v2\/pages"}],"about":[{"href":"http:\/\/www.beerpong.at\/index.php?rest_route=\/wp\/v2\/types\/page"}],"author":[{"embeddable":true,"href":"http:\/\/www.beerpong.at\/index.php?rest_route=\/wp\/v2\/users\/1"}],"replies":[{"embeddable":true,"href":"http:\/\/www.beerpong.at\/index.php?rest_route=%2Fwp%2Fv2%2Fcomments&post=857"}],"version-history":[{"count":6,"href":"http:\/\/www.beerpong.at\/index.php?rest_route=\/wp\/v2\/pages\/857\/revisions"}],"predecessor-version":[{"id":870,"href":"http:\/\/www.beerpong.at\/index.php?rest_route=\/wp\/v2\/pages\/857\/revisions\/870"}],"up":[{"embeddable":true,"href":"http:\/\/www.beerpong.at\/index.php?rest_route=\/wp\/v2\/pages\/348"}],"wp:attachment":[{"href":"http:\/\/www.beerpong.at\/index.php?rest_route=%2Fwp%2Fv2%2Fmedia&parent=857"}],"curies":[{"name":"wp","href":"https:\/\/api.w.org\/{rel}","templated":true}]}}